{"id":11,"date":"2026-03-18T01:12:35","date_gmt":"2026-03-18T00:12:35","guid":{"rendered":"https:\/\/bgc.fentasy-games.com\/?page_id=11"},"modified":"2026-03-23T17:33:03","modified_gmt":"2026-03-23T16:33:03","slug":"remboursements_retours","status":"publish","type":"page","link":"https:\/\/boardgamecommerce.com\/ja\/remboursements_retours\/","title":{"rendered":"\u8fd4\u91d1\u304a\u3088\u3073\u8fd4\u54c1\u30dd\u30ea\u30b7\u30fc"},"content":{"rendered":"<div style=\"text-align: right; margin-bottom: 20px;\">\n    <button onclick=\"bgcSwitchCgvLang('fr')\" id=\"btn-cgv-fr\" style=\"background: #f1f5f9; border: 1px solid #cbd5e1; border-radius: 6px; padding: 5px 12px; cursor: pointer; color: #0f172a; font-weight: 600; font-size: 13px; margin-left: 10px;\">\u30d5\u30e9\u30f3\u30b9<\/button>\n    <button onclick=\"bgcSwitchCgvLang('en')\" id=\"btn-cgv-en\" style=\"background: #f1f5f9; border: 1px solid #cbd5e1; border-radius: 6px; padding: 5px 12px; cursor: pointer; color: #0f172a; font-weight: 600; font-size: 13px; margin-left: 10px;\">\u65e5\u672c\u8a9e<\/button>\n<\/div>\n\n<div id=\"bgc-cgv-fr\" style=\"display: none;\">\n    <h2>\u8ca9\u58f2\u6761\u4ef6<\/h2>\n    \n    <h3>1. \u30dc\u30fc\u30c9\u30b2\u30fc\u30e0\u30fb\u30b3\u30de\u30fc\u30b9\uff08BGC\uff09\u306e\u76ee\u7684\u3068\u5f79\u5272<\/h3>\n    <p>\u672c\u4e00\u822c\u8ca9\u58f2\u6761\u4ef6\u306f\u3001\u30a6\u30a7\u30d6\u30b5\u30a4\u30c8\u3067\u306e\u8cfc\u5165\u3092\u898f\u5b9a\u3059\u308b\u3082\u306e\u3067\u3059\u3002 <strong>Board Game Commerce<\/strong>. BGC\u306f\u30cf\u30a4\u30d6\u30ea\u30c3\u30c9\u30e2\u30c7\u30eb\u3067\u904b\u55b6\u3055\u308c\u3066\u3044\u307e\u3059\u3002<\/p>\n    <ul>\n        <li><strong>BGC\u30cf\u30d6<\/strong> \u5f0a\u793e\u306f\u76f4\u8ca9\u696d\u8005\u3068\u3057\u3066\u3001\u30d5\u30e9\u30f3\u30b9\u306e\u30bb\u30eb\u30b8\u30fc\u306b\u3042\u308b\u5009\u5eab\u304b\u3089\u30b2\u30fc\u30e0\u3092\u767a\u9001\u3057\u3066\u3044\u307e\u3059\u3002.<\/li>\n        <li><strong>\u30d1\u30d6\u30ea\u30c3\u30b7\u30e3\u30fc\u30cf\u30d6\uff08\u30de\u30fc\u30b1\u30c3\u30c8\u30d7\u30ec\u30a4\u30b9\uff09<\/strong> Nous agissons en tant qu&#8217;interm\u00e9diaire de mise en relation. Certains jeux sont vendus et exp\u00e9di\u00e9s directement par des \u00e9diteurs tiers depuis leurs propres locaux. BGC s\u00e9curise la transaction financi\u00e8re, mais l&#8217;\u00e9diteur tiers est responsable de l&#8217;exp\u00e9dition de son produit.<\/li>\n    <\/ul>\n\n    <h3>2. \u4fa1\u683c\u3001\u4ed8\u52a0\u4fa1\u5024\u7a0e\u3001\u95a2\u7a0e<\/h3>\n    <p><strong>\u6b27\u5dde\u9023\u5408<\/strong> \u4fa1\u683c\u306f\u3059\u3079\u3066\u7a0e\u8fbc\u307f\uff08TTC\uff09\u3067\u8868\u793a\u3055\u308c\u3066\u3044\u307e\u3059\u3002\u30ec\u30b8\u3067\u9069\u7528\u3055\u308c\u308b\u4ed8\u52a0\u4fa1\u5024\u7a0e\uff08VAT\uff09\u306f\u3001\u304a\u5ba2\u69d8\u306e\u914d\u9001\u56fd\u306e\u6709\u52b9\u306a\u6cd5\u5b9a\u7a0e\u7387\uff08\u6b27\u5dde\u30ef\u30f3\u30b9\u30c8\u30c3\u30d7\u30b7\u30e7\u30c3\u30d7 \u2013 OSS\uff09\u306b\u5bfe\u5fdc\u3057\u3066\u3044\u307e\u3059\u3002.<\/p>\n    <p><strong>\u305d\u306e\u4ed6\u5730\u57df\uff08\u30a4\u30ae\u30ea\u30b9\u3001\u30b9\u30a4\u30b9\u3001\u5317\u7c73\u306a\u3069\uff09\uff1a<\/strong> Les commandes exp\u00e9di\u00e9es en dehors de l&#8217;Union Europ\u00e9enne sont factur\u00e9es <strong>\u7a0e\u629c<\/strong>. Des droits de douane, taxes d&#8217;importation locales ou frais de pr\u00e9sentation peuvent \u00eatre r\u00e9clam\u00e9s par le transporteur (UPS, Colissimo, douanes locales) au moment de la livraison. <strong>Ces frais sont \u00e0 la charge exclusive de l&#8217;acheteur<\/strong> BGC\u306f\u4e00\u5207\u306e\u8cac\u4efb\u3092\u8ca0\u3044\u304b\u306d\u307e\u3059\u3002.<\/p>\n\n    <h3>3. \u9001\u6599\u3068\u30ab\u30fc\u30c8\u306e\u5206\u5272<\/h3>\n    <p>\u30cf\u30a4\u30d6\u30ea\u30c3\u30c9\u30e2\u30c7\u30eb\u306e\u305f\u3081\u3001\u30ab\u30fc\u30c8\u306b\u767a\u9001\u5143\u304c\u300c\u300d\u306e\u30b2\u30fc\u30e0\u3068\u300c\u300d\u306e\u30b2\u30fc\u30e0\u304c\u6df7\u5728\u3057\u3066\u3044\u308b\u5834\u5408 <em>BGC\u30cf\u30d6<\/em> \u305d\u3057\u3066\u3001\u767a\u9001\u3055\u308c\u305f\u30b2\u30fc\u30e0 <em>\u30b5\u30fc\u30c9\u30d1\u30fc\u30c6\u30a3\u30a8\u30c7\u30a3\u30bf<\/em>, \u3001\u3054\u6ce8\u6587\u306f\u301c\u306b\u5206\u5272\u3055\u308c\u307e\u3059 <strong>\u8907\u6570\u306e\u500b\u5225\u306e\u5c0f\u5305<\/strong>. \u30ec\u30b8\u3067\u8a08\u7b97\u3055\u308c\u308b\u914d\u9001\u6599\u306f\u3001\u6700\u9069\u306a\u914d\u9001\u3092\u4fdd\u8a3c\u3059\u308b\u305f\u3081\u306b\u3001\u3053\u306e\u6280\u8853\u7684\u306a\u5206\u5272\u3092\u53cd\u6620\u3057\u3066\u3044\u307e\u3059\u3002.<\/p>\n\n    <h3>4. \u4e88\u7d04\u6ce8\u6587\u3068P500\u30ad\u30e3\u30f3\u30da\u30fc\u30f3<\/h3>\n    <p>BGC\u3067\u306f\u30012\u7a2e\u985e\u306e\u4e88\u7d04\u6ce8\u6587\u3092\u63d0\u4f9b\u3057\u3066\u3044\u307e\u3059\u3002<\/p>\n    <ul>\n        <li><strong>\u30af\u30e9\u30b7\u30c3\u30af\u4e88\u7d04<\/strong> Le paiement est pr\u00e9lev\u00e9 imm\u00e9diatement au moment de la commande pour garantir la r\u00e9servation de l&#8217;article.<\/li>\n        <li><strong>\u30ad\u30e3\u30f3\u30da\u30fc\u30f3P500\uff08\u30d7\u30ec\u30c3\u30b8\uff09:<\/strong> Vous vous engagez \u00e0 acheter le jeu sans \u00eatre d\u00e9bit\u00e9 imm\u00e9diatement. Le pr\u00e9l\u00e8vement ou l&#8217;envoi du lien de paiement n&#8217;est d\u00e9clench\u00e9 que lorsque l&#8217;\u00e9diteur confirme la production du jeu. Vous pouvez annuler votre engagement sans frais avant cette date.<\/li>\n    <\/ul>\n\n    <h3>5. \u8fd4\u54c1\u30fb\u4ea4\u63db<\/h3>\n    <p>Vous disposez d&#8217;un d\u00e9lai de <strong>30\u65e5<\/strong> \u3054\u6ce8\u6587\u3092\u53d7\u3051\u3066\u304b\u3089\u8fd4\u54c1\u3092\u30ea\u30af\u30a8\u30b9\u30c8\u3067\u304d\u307e\u3059\u3002\u30b2\u30fc\u30e0\u306f\u3001\u30d7\u30e9\u30b9\u30c1\u30c3\u30af\u30d5\u30a3\u30eb\u30e0\uff08\u30bb\u30ed\u30cf\u30f3\uff09\u304c\u672a\u958b\u5c01\u306e\u5834\u5408\u306b\u306e\u307f\u8fd4\u54c1\u3067\u304d\u307e\u3059\u3002\u624b\u7d9a\u304d\u306e\u8a73\u7d30\uff08\u8fd4\u54c1\u9001\u6599\u306f\u304a\u5ba2\u69d8\u8ca0\u62c5\u3001\u4ed8\u5c5e\u54c1\u306e\u6b20\u54c1\u306a\u3069\uff09\u306b\u3064\u3044\u3066\u306f\u3001\u5f53\u793e\u306e\u30a6\u30a7\u30d6\u30b5\u30a4\u30c8\u3092\u3054\u89a7\u304f\u3060\u3055\u3044\u3002 <a href=\"https:\/\/boardgamecommerce.com\/ja\/remboursements_retours\/\">\u8fd4\u91d1\u30fb\u8fd4\u54c1\u30dd\u30ea\u30b7\u30fc<\/a>.<\/p>\n\n    <h3>6. \u6e96\u62e0\u6cd5\u304a\u3088\u3073\u7d1b\u4e89<\/h3>\n    <p>\u672c\u5229\u7528\u898f\u7d04\u306f\u30d5\u30e9\u30f3\u30b9\u6cd5\u306b\u6e96\u62e0\u3057\u307e\u3059\u3002\u7d1b\u4e89\u304c\u751f\u3058\u305f\u5834\u5408\u306f\u3001\u307e\u305a\u53cb\u597d\u7684\u306a\u89e3\u6c7a\u304c\u56f3\u3089\u308c\u307e\u3059\u3002\u305d\u308c\u304c\u4e0d\u53ef\u80fd\u306a\u5834\u5408\u306f\u3001\u30d5\u30e9\u30f3\u30b9\u306e\u88c1\u5224\u6240\u306e\u307f\u304c\u7ba1\u8f44\u6a29\u3092\u6709\u3057\u307e\u3059\u3002.<\/p>\n<\/div>\n\n<div id=\"bgc-cgv-en\" style=\"display: none;\">\n    <h2>\u8ca9\u58f2\u4e00\u822c\u6761\u4ef6\uff08T&amp;C\uff09<\/h2>\n    \n    <h3>1. \u30dc\u30fc\u30c9\u30b2\u30fc\u30e0\u30fb\u30b3\u30de\u30fc\u30b9\uff08BGC\uff09\u306e\u76ee\u7684\u3068\u5f79\u5272<\/h3>\n    <p>\u672c\u4e00\u822c\u8ca9\u58f2\u6761\u4ef6\u306f\u3001\u301c\u3067\u306e\u8cfc\u5165\u306b\u9069\u7528\u3055\u308c\u307e\u3059\u3002 <strong>Board Game Commerce<\/strong> \u30a6\u30a7\u30d6\u30b5\u30a4\u30c8\u3002BGC\u306f\u30cf\u30a4\u30d6\u30ea\u30c3\u30c9\u30e2\u30c7\u30eb\u3067\u904b\u55b6\u3055\u308c\u3066\u3044\u307e\u3059:<\/p>\n    <ul>\n        <li><strong>BGC\u30cf\u30d6<\/strong> \u5f0a\u793e\u306f\u76f4\u8ca9\u696d\u8005\u3068\u3057\u3066\u3001\u30d5\u30e9\u30f3\u30b9\u306e\u30bb\u30eb\u30b8\u306b\u3042\u308b\u5009\u5eab\u304b\u3089\u30b2\u30fc\u30e0\u3092\u767a\u9001\u3057\u3066\u3044\u307e\u3059\u3002.<\/li>\n        <li><strong>\u30d1\u30d6\u30ea\u30c3\u30b7\u30e3\u30fc\u30cf\u30d6\uff08\u30de\u30fc\u30b1\u30c3\u30c8\u30d7\u30ec\u30a4\u30b9\uff09\uff1a<\/strong> \u5f53\u793e\u306f\u4ef2\u4ecb\u696d\u8005\u3068\u3057\u3066\u6a5f\u80fd\u3057\u307e\u3059\u3002\u4e00\u90e8\u306e\u30b2\u30fc\u30e0\u306f\u3001\u30b5\u30fc\u30c9\u30d1\u30fc\u30c6\u30a3\u306e\u30d1\u30d6\u30ea\u30c3\u30b7\u30e3\u30fc\u304c\u81ea\u793e\u306e\u65bd\u8a2d\u304b\u3089\u76f4\u63a5\u8ca9\u58f2\u30fb\u51fa\u8377\u3057\u307e\u3059\u3002BGC\u306f\u91d1\u92ad\u53d6\u5f15\u3092\u78ba\u4fdd\u3057\u307e\u3059\u304c\u3001\u88fd\u54c1\u306e\u51fa\u8377\u306b\u3064\u3044\u3066\u306f\u30b5\u30fc\u30c9\u30d1\u30fc\u30c6\u30a3\u306e\u30d1\u30d6\u30ea\u30c3\u30b7\u30e3\u30fc\u304c\u8cac\u4efb\u3092\u8ca0\u3044\u307e\u3059\u3002.<\/li>\n    <\/ul>\n\n    <h3>2. \u4fa1\u683c\u3001\u4ed8\u52a0\u4fa1\u5024\u7a0e\u3001\u95a2\u7a0e<\/h3>\n    <p><strong>\u6b27\u5dde\u9023\u5408<\/strong> Prices are displayed inclusive of all taxes (VAT included). The VAT applied at checkout corresponds to the legal rate in force in the customer&#8217;s delivery country (European One-Stop Shop &#8211; OSS).<\/p>\n    <p><strong>\u305d\u306e\u4ed6\uff08\u30a4\u30ae\u30ea\u30b9\u3001\u30b9\u30a4\u30b9\u3001\u5317\u7c73\u306a\u3069\uff09\uff1a<\/strong> \u6b27\u5dde\u9023\u5408\u57df\u5916\u3078\u306e\u767a\u9001\u306b\u306f\u3001\u8acb\u6c42\u304c\u767a\u751f\u3057\u307e\u3059 <strong>\u975e\u8ab2\u7a0e\uff08% \u4ed8\u52a0\u4fa1\u5024\u7a0e\u306a\u3057\uff09<\/strong>. \u95a2\u7a0e\u3001\u5730\u65b9\u306e\u8f38\u5165\u7a0e\u3001\u307e\u305f\u306f\u7ba1\u7406\u624b\u6570\u6599\u304c\u3001\u914d\u9054\u6642\u306b\u904b\u9001\u696d\u8005\uff08UPS\u3001\u90f5\u4fbf\u30b5\u30fc\u30d3\u30b9\u3001\u5730\u65b9\u7a0e\u95a2\uff09\u304b\u3089\u8acb\u6c42\u3055\u308c\u308b\u5834\u5408\u304c\u3042\u308a\u307e\u3059\u3002. <strong>\u3053\u308c\u3089\u306e\u624b\u6570\u6599\u306f\u8cfc\u5165\u8005\u306e\u5168\u8cac\u4efb\u3068\u306a\u308a\u307e\u3059<\/strong> BGC\u306f\u305d\u308c\u3089\u306b\u3064\u3044\u3066\u8cac\u4efb\u3092\u8ca0\u3046\u3053\u3068\u306f\u3067\u304d\u307e\u305b\u3093\u3002.<\/p>\n\n    <h3>3. \u9001\u6599\u3068\u30ab\u30fc\u30c8\u5206\u5272<\/h3>\n    <p>\u30cf\u30a4\u30d6\u30ea\u30c3\u30c9\u30e2\u30c7\u30eb\u306e\u305f\u3081\u3001\u30ab\u30fc\u30c8\u306b\u3059\u3067\u306b\u914d\u9001\u5143\u304c\u8a18\u8f09\u3055\u308c\u3066\u3044\u308b\u30b2\u30fc\u30e0\u304c\u542b\u307e\u308c\u3066\u3044\u308b\u5834\u5408 <em>BGC\u30cf\u30d6<\/em> \u304a\u3088\u3073\u30b2\u30fc\u30e0\u306f\u3001\u301c\u3067\u51fa\u8377\u3055\u308c\u308b <em>\u30b5\u30fc\u30c9\u30d1\u30fc\u30c6\u30a3\u30d1\u30d6\u30ea\u30c3\u30b7\u30e3\u30fc<\/em>, \u3001\u3054\u6ce8\u6587\u306f\u4ee5\u4e0b\u306b\u5206\u304b\u308c\u307e\u3059 <strong>\u8907\u6570\u306e\u500b\u5225\u306e\u30d1\u30c3\u30b1\u30fc\u30b8<\/strong>. \u30c1\u30a7\u30c3\u30af\u30a2\u30a6\u30c8\u6642\u306b\u8a08\u7b97\u3055\u308c\u308b\u914d\u9001\u6599\u306f\u3001\u6700\u9069\u306a\u914d\u9001\u3092\u78ba\u4fdd\u3059\u308b\u305f\u3081\u306b\u3001\u3053\u306e\u7269\u6d41\u4e0a\u306e\u5206\u5272\u3092\u53cd\u6620\u3057\u3066\u3044\u307e\u3059\u3002.<\/p>\n\n    <h3>4. \u4e88\u7d04\u6ce8\u6587\u3068P500\u30ad\u30e3\u30f3\u30da\u30fc\u30f3<\/h3>\n    <p>BGC\u3067\u306f\u30012\u7a2e\u985e\u306e\u5148\u884c\u4e88\u7d04\u3092\u63d0\u4f9b\u3057\u3066\u3044\u307e\u3059\u3002<\/p>\n    <ul>\n        <li><strong>\u30af\u30e9\u30b7\u30c3\u30af\u65e9\u671f\u4e88\u7d04<\/strong> \u6ce8\u6587\u6642\u306b\u305f\u3060\u3061\u306b\u6c7a\u6e08\u304c\u884c\u308f\u308c\u3001\u5546\u54c1\u306e\u4e88\u7d04\u304c\u78ba\u4fdd\u3055\u308c\u307e\u3059\u3002.<\/li>\n        <li><strong>P500\u30ad\u30e3\u30f3\u30da\u30fc\u30f3\uff08\u76ee\u6a19\uff09\uff1a<\/strong> You commit to buying the game without being charged immediately. The payment capture or payment link is only triggered when the publisher confirms the game&#8217;s production. You can cancel your pledge free of charge before this date.<\/li>\n    <\/ul>\n\n    <h3>5. \u8fd4\u54c1\u304a\u3088\u3073\u89e3\u7d04<\/h3>\n    <p>\u3042\u306a\u305f\u306f\u6301\u3063\u3066\u3044\u307e\u3059 <strong>30\u65e5\u9593<\/strong> \u3054\u6ce8\u6587\u5f8c\u3001\u8fd4\u54c1\u3092\u3054\u4f9d\u983c\u3044\u305f\u3060\u3051\u307e\u3059\u3002\u30b2\u30fc\u30e0\u306f\u30d7\u30e9\u30b9\u30c1\u30c3\u30af\u30b7\u30e5\u30ea\u30f3\u30af\u30e9\u30c3\u30d7\uff08\u30bb\u30ed\u30d5\u30a1\u30f3\uff09\u304c\u672a\u958b\u5c01\u306e\u5834\u5408\u306b\u306e\u307f\u8fd4\u54c1\u53ef\u80fd\u3067\u3059\u3002\u624b\u7d9a\u304d\u306e\u8a73\u7d30\uff08\u8fd4\u9001\u8cbb\u7528\u306f\u304a\u5ba2\u69d8\u8ca0\u62c5\u3001\u90e8\u54c1\u306e\u7d1b\u5931\u306a\u3069\uff09\u306b\u3064\u3044\u3066\u306f\u3001\u5f0a\u793e\u307e\u3067\u3054\u76f8\u8ac7\u304f\u3060\u3055\u3044\u3002 <a href=\"https:\/\/boardgamecommerce.com\/ja\/remboursements_retours\/\">\u8fd4\u91d1\u304a\u3088\u3073\u8fd4\u54c1\u30dd\u30ea\u30b7\u30fc<\/a>.<\/p>\n\n    <h3>6. \u6e96\u62e0\u6cd5\u304a\u3088\u3073\u7d1b\u4e89<\/h3>\n    <p>\u672c\u898f\u7d04\u306f\u30d5\u30e9\u30f3\u30b9\u6cd5\u306b\u6e96\u62e0\u3057\u307e\u3059\u3002\u7d1b\u4e89\u304c\u751f\u3058\u305f\u5834\u5408\u306f\u3001\u307e\u305a\u53cb\u597d\u7684\u306a\u89e3\u6c7a\u304c\u56f3\u3089\u308c\u307e\u3059\u3002\u305d\u308c\u304c\u4e0d\u53ef\u80fd\u306a\u5834\u5408\u306f\u3001\u30d5\u30e9\u30f3\u30b9\u306e\u88c1\u5224\u6240\u304c\u5c02\u5c5e\u7684\u306a\u7ba1\u8f44\u6a29\u3092\u6709\u3057\u307e\u3059\u3002.<\/p>\n<\/div>\n\n<style>\n    .btn-cgv-active { background: #0f766e !important; color: #ffffff !important; border-color: #0f766e !important; }\n<\/style>\n\n<script>\n    function bgcSwitchCgvLang(lang) {\n        document.getElementById('bgc-cgv-fr').style.display = 'none';\n        document.getElementById('bgc-cgv-en').style.display = 'none';\n        document.getElementById('btn-cgv-fr').classList.remove('btn-cgv-active');\n        document.getElementById('btn-cgv-en').classList.remove('btn-cgv-active');\n\n        if (lang === 'fr') {\n            document.getElementById('bgc-cgv-fr').style.display = 'block';\n            document.getElementById('btn-cgv-fr').classList.add('btn-cgv-active');\n        } else {\n            document.getElementById('bgc-cgv-en').style.display = 'block';\n            document.getElementById('btn-cgv-en').classList.add('btn-cgv-active');\n        }\n    }\n\n    document.addEventListener(\"DOMContentLoaded\", function() {\n        var userLang = navigator.language || navigator.userLanguage; \n        if (userLang.toLowerCase().startsWith('fr')) {\n            bgcSwitchCgvLang('fr');\n        } else {\n            bgcSwitchCgvLang('en');\n        }\n    });\n<\/script>","protected":false},"excerpt":{"rendered":"<p>FR EN Conditions G\u00e9n\u00e9rales de Vente (CGV) 1. Objet et R\u00f4le de Board Game Commerce (BGC) Les pr\u00e9sentes Conditions G\u00e9n\u00e9rales de Vente r\u00e9gissent les achats effectu\u00e9s sur le site Board Game Commerce. BGC op\u00e8re selon un mod\u00e8le hybride : BGC Hub : Nous agissons en tant que vendeur direct et exp\u00e9dions les jeux depuis notre entrep\u00f4t situ\u00e9 \u00e0 Cergy, France. Publisher Hub (Marketplace) : Nous agissons en tant qu&#8217;interm\u00e9diaire de mise en relation. Certains jeux sont vendus et exp\u00e9di\u00e9s directement par des \u00e9diteurs tiers depuis leurs propres locaux. BGC s\u00e9curise la transaction financi\u00e8re, mais l&#8217;\u00e9diteur tiers est responsable de l&#8217;exp\u00e9dition de son produit. 2. Prix, TVA et Frais de Douane&#8230;<\/p>","protected":false},"author":1,"featured_media":0,"parent":0,"menu_order":0,"comment_status":"closed","ping_status":"closed","template":"","meta":{"_kad_post_transparent":"","_kad_post_title":"","_kad_post_layout":"","_kad_post_sidebar_id":"","_kad_post_content_style":"","_kad_post_vertical_padding":"","_kad_post_feature":"","_kad_post_feature_position":"","_kad_post_header":false,"_kad_post_footer":false,"_kad_post_classname":"","footnotes":""},"class_list":["post-11","page","type-page","status-publish","hentry"],"jetpack_sharing_enabled":true,"_links":{"self":[{"href":"https:\/\/boardgamecommerce.com\/ja\/wp-json\/wp\/v2\/pages\/11","targetHints":{"allow":["GET"]}}],"collection":[{"href":"https:\/\/boardgamecommerce.com\/ja\/wp-json\/wp\/v2\/pages"}],"about":[{"href":"https:\/\/boardgamecommerce.com\/ja\/wp-json\/wp\/v2\/types\/page"}],"author":[{"embeddable":true,"href":"https:\/\/boardgamecommerce.com\/ja\/wp-json\/wp\/v2\/users\/1"}],"replies":[{"embeddable":true,"href":"https:\/\/boardgamecommerce.com\/ja\/wp-json\/wp\/v2\/comments?post=11"}],"version-history":[{"count":3,"href":"https:\/\/boardgamecommerce.com\/ja\/wp-json\/wp\/v2\/pages\/11\/revisions"}],"predecessor-version":[{"id":487,"href":"https:\/\/boardgamecommerce.com\/ja\/wp-json\/wp\/v2\/pages\/11\/revisions\/487"}],"wp:attachment":[{"href":"https:\/\/boardgamecommerce.com\/ja\/wp-json\/wp\/v2\/media?parent=11"}],"curies":[{"name":"wp","href":"https:\/\/api.w.org\/{rel}","templated":true}]}}