{"id":502,"date":"2026-03-24T12:26:07","date_gmt":"2026-03-24T11:26:07","guid":{"rendered":"https:\/\/boardgamecommerce.com\/?post_type=product&#038;p=502"},"modified":"2026-04-08T11:02:02","modified_gmt":"2026-04-08T09:02:02","slug":"all-star-draft","status":"publish","type":"product","link":"https:\/\/boardgamecommerce.com\/fr\/produit\/all-star-draft\/","title":{"rendered":"Match des \u00e9toiles"},"content":{"rendered":"<p>Un jeu de draft strat\u00e9gique qui va mettre vos comp\u00e9tences strat\u00e9giques \u00e0 rude \u00e9preuve.<br \/>\nDans All-Star Draft, prenez les commandes de votre club, et composez des \u00e9quipes d&#8217;\u00e9lite afin de d\u00e9crocher le titre de meilleur manager !<br \/>\nTout au long de la saison r\u00e9guli\u00e8re, draftez les meilleurs joueurs, cr\u00e9es des combinaisons gagnantes et accumulez de la r\u00e9putation pour dominer la comp\u00e9tition. Mais restez sur vos gardes : les play-offs s&#8217;annoncent impitoyables ! Un instant d&#8217;h\u00e9sitation, un choix malheureux&#8230; et c&#8217;est l&#8217;issue de la partie qui peut basculer.<br \/>\n&#8212;-<br \/>\nA tactical draft game that will put your strategic skills to the test.<br \/>\nIn All-Star Draft, take control of your franchise, and field elite teams to earn the title of top manager!<br \/>\nThroughout the regular season, draft the best players, create winning combinations and gain reputation to lead the competition. But beware: the play-offs are going to be tough! A single hesitation, an unfortunate choice&#8230; and the outcome of the game can change dramatically.<\/p>","protected":false},"excerpt":{"rendered":"<p>Un jeu de draft strat\u00e9gique qui va mettre vos comp\u00e9tences strat\u00e9giques \u00e0 rude \u00e9preuve. Dans All-Star Draft, prenez les commandes de votre club, et composez des \u00e9quipes d&#8217;\u00e9lite afin de d\u00e9crocher le titre de meilleur manager ! Tout au long de la saison r\u00e9guli\u00e8re, draftez les meilleurs joueurs, cr\u00e9es des combinaisons gagnantes et accumulez de&#8230;<\/p>","protected":false},"featured_media":520,"template":"","meta":{"_kad_post_transparent":"","_kad_post_title":"","_kad_post_layout":"","_kad_post_sidebar_id":"","_kad_post_content_style":"","_kad_post_vertical_padding":"","_kad_post_feature":"","_kad_post_feature_position":"","_kad_post_header":false,"_kad_post_footer":false,"_kad_post_classname":""},"product_brand":[],"product_cat":[],"product_tag":[],"class_list":{"0":"post-502","1":"product","2":"type-product","3":"status-publish","4":"has-post-thumbnail","7":"first","8":"instock","9":"taxable","10":"shipping-taxable","11":"purchasable","12":"product-type-simple","13":"entry","14":"content-bg","15":"loop-entry"},"jetpack_sharing_enabled":true,"_links":{"self":[{"href":"https:\/\/boardgamecommerce.com\/fr\/wp-json\/wp\/v2\/product\/502","targetHints":{"allow":["GET"]}}],"collection":[{"href":"https:\/\/boardgamecommerce.com\/fr\/wp-json\/wp\/v2\/product"}],"about":[{"href":"https:\/\/boardgamecommerce.com\/fr\/wp-json\/wp\/v2\/types\/product"}],"wp:featuredmedia":[{"embeddable":true,"href":"https:\/\/boardgamecommerce.com\/fr\/wp-json\/wp\/v2\/media\/520"}],"wp:attachment":[{"href":"https:\/\/boardgamecommerce.com\/fr\/wp-json\/wp\/v2\/media?parent=502"}],"wp:term":[{"taxonomy":"product_brand","embeddable":true,"href":"https:\/\/boardgamecommerce.com\/fr\/wp-json\/wp\/v2\/product_brand?post=502"},{"taxonomy":"product_cat","embeddable":true,"href":"https:\/\/boardgamecommerce.com\/fr\/wp-json\/wp\/v2\/product_cat?post=502"},{"taxonomy":"product_tag","embeddable":true,"href":"https:\/\/boardgamecommerce.com\/fr\/wp-json\/wp\/v2\/product_tag?post=502"}],"curies":[{"name":"wp","href":"https:\/\/api.w.org\/{rel}","templated":true}]}}