{"id":287,"date":"2025-11-09T23:05:00","date_gmt":"2025-11-09T22:05:00","guid":{"rendered":"https:\/\/bgc.fentasy-games.com\/?post_type=product&#038;p=287"},"modified":"2026-03-22T17:55:51","modified_gmt":"2026-03-22T16:55:51","slug":"yinzi-ming","status":"publish","type":"product","link":"https:\/\/boardgamecommerce.com\/fr\/produit\/yinzi-ming\/","title":{"rendered":"Yinzi: Ming"},"content":{"rendered":"<p>Yinzi : Ming est une nouvelle \u00e9dition de l'original Yinzi \u2014 signifiant \u201c argent \u201d. En s'appuyant sur les commentaires des joueurs, cette version introduit des illustrations actualis\u00e9es, une conception graphique peaufin\u00e9e et des r\u00e8gles enti\u00e8rement r\u00e9vis\u00e9es pour offrir une exp\u00e9rience fra\u00eeche et immersive.<\/p>\n<p>Situ\u00e9 sous la dynastie Ming (1368-1644), une p\u00e9riode d'expansion \u00e9conomique sans pr\u00e9c\u00e9dent en Chine, Yinzi : Ming illustre le pouvoir de transformation du commerce mondial. \u00c0 cette \u00e9poque, l'afflux d'argent des Am\u00e9riques et de l'Europe vers la Chine a remodel\u00e9 l'\u00e9conomie mondiale, marquant ce que beaucoup consid\u00e8rent comme le v\u00e9ritable d\u00e9but de la mondialisation. En Chine, l'essor de la mobilit\u00e9 sociale a entra\u00een\u00e9 une croissance rapide des villes, en particulier dans la r\u00e9gion du bas Yangts\u00e9, qui est devenue le principal centre de production de bl\u00e9 du pays. Outre le bl\u00e9 et le riz, des cultures \u00e0 grande \u00e9chelle comme le th\u00e9, les fruits et la canne \u00e0 sucre ont prosp\u00e9r\u00e9. De nombreux paysans, attir\u00e9s par les opportunit\u00e9s \u00e9conomiques, ont migr\u00e9 vers les villes, se transformant en marchands et en artisans. Ces travailleurs nouvellement urbanis\u00e9s ont trouv\u00e9 un emploi dans des usines priv\u00e9es et publiques, produisant des produits de valeur tels que le papier, la porcelaine, le sucre raffin\u00e9 et les textiles de soie. Aliment\u00e9s par la lib\u00e9ralisation de l'\u00e9conomie, les \u00e9changes et le commerce ont connu un essor consid\u00e9rable, soutenu par les projets d'infrastructure du gouvernement Ming, notamment la construction de canaux, de routes et de ponts. Cette \u00e9poque a \u00e9galement vu l'\u00e9mergence de puissants clans de marchands qui ont accumul\u00e9 des richesses consid\u00e9rables.<\/p>\n<p>Dans Yinzi : Les joueurs de Ming incarnent ces clans marchands, charg\u00e9s de d\u00e9velopper des r\u00e9gions cl\u00e9s de la Chine \u00e0 la fin de la p\u00e9riode Ming, particuli\u00e8rement le long des 200 derniers kilom\u00e8tres du fleuve Yangts\u00e9 \u00e0 l'approche de la mer de Chine.<br \/>\nLes joueurs doivent planter des cultures, vendre des marchandises aux march\u00e9s ruraux et urbains, d\u00e9velopper des mati\u00e8res premi\u00e8res et construire ou am\u00e9liorer des usines. Le but est de produire et de livrer des marchandises aux navires en attente dans le port. Cependant, pour r\u00e9ussir, les joueurs devront \u00e9galement am\u00e9liorer leurs capacit\u00e9s de transport fluvial le long du Yangts\u00e9, en \u00e9quilibrant croissance et efficacit\u00e9 pour d\u00e9jouer leurs concurrents. Le joueur avec le plus de points de richesse gagne.<\/p>","protected":false},"excerpt":{"rendered":"<p>Yinzi : Ming est une nouvelle \u00e9dition de l'original Yinzi, signifiant \u201c argent \u201d. S'appuyant sur les retours des joueurs, cette version propose des illustrations mises \u00e0 jour, un design graphique affin\u00e9 et des r\u00e8gles enti\u00e8rement r\u00e9vis\u00e9es pour offrir une exp\u00e9rience nouvelle et immersive. Se d\u00e9roulant sous la dynastie Ming (1368-1644), une p\u00e9riode d'expansion \u00e9conomique sans pr\u00e9c\u00e9dent en Chine, Yinzi : Ming capture le...<\/p>","protected":false},"featured_media":288,"template":"","meta":{"_kad_post_transparent":"","_kad_post_title":"","_kad_post_layout":"","_kad_post_sidebar_id":"","_kad_post_content_style":"","_kad_post_vertical_padding":"","_kad_post_feature":"","_kad_post_feature_position":"","_kad_post_header":false,"_kad_post_footer":false,"_kad_post_classname":""},"product_brand":[],"product_cat":[15],"product_tag":[],"class_list":{"0":"post-287","1":"product","2":"type-product","3":"status-publish","4":"has-post-thumbnail","6":"product_cat-non-classe","8":"first","9":"instock","10":"taxable","11":"shipping-taxable","12":"purchasable","13":"product-type-simple","14":"entry","15":"content-bg","16":"loop-entry"},"jetpack_sharing_enabled":true,"_links":{"self":[{"href":"https:\/\/boardgamecommerce.com\/fr\/wp-json\/wp\/v2\/product\/287","targetHints":{"allow":["GET"]}}],"collection":[{"href":"https:\/\/boardgamecommerce.com\/fr\/wp-json\/wp\/v2\/product"}],"about":[{"href":"https:\/\/boardgamecommerce.com\/fr\/wp-json\/wp\/v2\/types\/product"}],"wp:featuredmedia":[{"embeddable":true,"href":"https:\/\/boardgamecommerce.com\/fr\/wp-json\/wp\/v2\/media\/288"}],"wp:attachment":[{"href":"https:\/\/boardgamecommerce.com\/fr\/wp-json\/wp\/v2\/media?parent=287"}],"wp:term":[{"taxonomy":"product_brand","embeddable":true,"href":"https:\/\/boardgamecommerce.com\/fr\/wp-json\/wp\/v2\/product_brand?post=287"},{"taxonomy":"product_cat","embeddable":true,"href":"https:\/\/boardgamecommerce.com\/fr\/wp-json\/wp\/v2\/product_cat?post=287"},{"taxonomy":"product_tag","embeddable":true,"href":"https:\/\/boardgamecommerce.com\/fr\/wp-json\/wp\/v2\/product_tag?post=287"}],"curies":[{"name":"wp","href":"https:\/\/api.w.org\/{rel}","templated":true}]}}