{"id":394,"date":"2025-11-04T11:59:39","date_gmt":"2025-11-04T10:59:39","guid":{"rendered":"https:\/\/bgc.fentasy-games.com\/?page_id=241"},"modified":"2025-11-04T11:59:39","modified_gmt":"2025-11-04T10:59:39","slug":"publisher-portal-3","status":"publish","type":"page","link":"https:\/\/boardgamecommerce.com\/fr\/publisher-portal-3\/","title":{"rendered":"Oracles"},"content":{"rendered":"<p>Oracles est un jeu de cartes tactique et psychologique pour 2 \u00e0 5 joueurs, inspir\u00e9 des Arcanes majeurs du tarot. Chaque joueur manipule les cartes pour mener une couleur ou suivre, capturer des cartes adverses et \u00e9lever leur puissance afin d\u2019influencer le destin de la partie.<\/p>\n<p>Les pouvoirs uniques des Arcanes permettent de manipuler la main des joueurs, contr\u00f4ler le rythme des plis et perturber les strat\u00e9gies adverses. \u00c0 chaque tour, les choix sont cruciaux : jouer pour capturer, pr\u00e9parer un encha\u00eenement ou attendre le moment parfait pour r\u00e9v\u00e9ler une carte d\u00e9cisive.<\/p>\n<p>Accessible dans ses r\u00e8gles mais redoutablement profond, Oracles propose des parties rapides o\u00f9 lecture du jeu, timing et bluff font toute la diff\u00e9rence. Le destin est \u00e9crit dans les cartes\u2026 mais seuls les meilleurs sauront l\u2019interpr\u00e9ter.<\/p>","protected":false},"excerpt":{"rendered":"<p>Oracles est un jeu de cartes tactique et psychologique pour 2 \u00e0 5 joueurs, inspir\u00e9 des Arcanes majeurs du tarot. Chaque joueur manipule les cartes pour mener une couleur ou suivre, capturer des cartes adverses et \u00e9lever leur puissance afin d\u2019influencer le destin de la partie. Les pouvoirs uniques des Arcanes permettent de manipuler la&#8230;<\/p>","protected":false},"author":1,"featured_media":0,"parent":0,"menu_order":0,"comment_status":"closed","ping_status":"closed","template":"","meta":{"_kad_post_transparent":"","_kad_post_title":"","_kad_post_layout":"","_kad_post_sidebar_id":"","_kad_post_content_style":"","_kad_post_vertical_padding":"","_kad_post_feature":"","_kad_post_feature_position":"","_kad_post_header":false,"_kad_post_footer":false,"_kad_post_classname":"","footnotes":""},"class_list":["post-394","page","type-page","status-publish","hentry"],"jetpack_sharing_enabled":true,"_links":{"self":[{"href":"https:\/\/boardgamecommerce.com\/fr\/wp-json\/wp\/v2\/pages\/394","targetHints":{"allow":["GET"]}}],"collection":[{"href":"https:\/\/boardgamecommerce.com\/fr\/wp-json\/wp\/v2\/pages"}],"about":[{"href":"https:\/\/boardgamecommerce.com\/fr\/wp-json\/wp\/v2\/types\/page"}],"author":[{"embeddable":true,"href":"https:\/\/boardgamecommerce.com\/fr\/wp-json\/wp\/v2\/users\/1"}],"replies":[{"embeddable":true,"href":"https:\/\/boardgamecommerce.com\/fr\/wp-json\/wp\/v2\/comments?post=394"}],"version-history":[{"count":0,"href":"https:\/\/boardgamecommerce.com\/fr\/wp-json\/wp\/v2\/pages\/394\/revisions"}],"wp:attachment":[{"href":"https:\/\/boardgamecommerce.com\/fr\/wp-json\/wp\/v2\/media?parent=394"}],"curies":[{"name":"wp","href":"https:\/\/api.w.org\/{rel}","templated":true}]}}